{"id":6381,"date":"2021-04-02T13:52:57","date_gmt":"2021-04-02T11:52:57","guid":{"rendered":"http:\/\/vinylknut.com\/blog\/?page_id=6381"},"modified":"2025-12-18T17:56:26","modified_gmt":"2025-12-18T16:56:26","slug":"vinylbutikker","status":"publish","type":"page","link":"http:\/\/vinylknut.com\/blog\/vinylbutikker\/","title":{"rendered":"Vinylbutikker"},"content":{"rendered":"\r\n<p>Her har jeg samlet lenker til steder man kan handle vinyl, b\u00e5de p\u00e5 nett og fysiske butikker, samt listet en del nyttig relatert info. Send meg gjerne en <a href=\"http:\/\/www.vinylknut.com\/melding.php\" target=\"_blank\" rel=\"noreferrer noopener\">melding<\/a> om du kjenner til norske butikker som ikke er inkludert her, eller om informasjon her er utdatert.<\/p>\r\n\r\n\r\n\r\n<ul class=\"wp-block-list\">\r\n<li><a href=\"#norskepanett\">Norske vinylbutikker p\u00e5 nett<\/a><\/li>\r\n<li><a href=\"#norskevinylbutikker\">Norske vinylbutikker<\/a><\/li>\r\n<li><a href=\"#norskepafacebook\">Norske vinylbutikker p\u00e5 Facebook<\/a><\/li>\r\n<li><a href=\"#handleutlandet\">Handle vinyl fra utlandet<\/a><\/li>\r\n<li><a href=\"#utenlandskenett\">Utenlandske vinylbutikker p\u00e5 nett<\/a><\/li>\r\n<li><a href=\"#amazon\">Amazon<\/a><\/li>\r\n<li><a href=\"#discogs\">Discogs<\/a><\/li>\r\n<li><a href=\"#salgsportaler\">Salgsportaler<\/a><\/li>\r\n<li><a href=\"#nettauksjoner\">Nettauksjoner<\/a><\/li>\r\n<li><a href=\"#facebookgrupper\">Facebook-grupper<\/a><\/li>\r\n<li><a href=\"#paypal\">PayPal<\/a><\/li>\r\n<li><a href=\"#platebutikkerkart\">Platebutikker p\u00e5 kart<\/a><\/li>\r\n<\/ul>\r\n\r\n\r\n\r\n<h3 class=\"wp-block-heading\" id=\"norskepanett\">Norske vinylbutikker p\u00e5 nett<\/h3>\r\n\r\n\r\n\r\n<ul class=\"wp-block-list\">\r\n<li><a href=\"http:\/\/aftermath-music.com\/\" target=\"_blank\" rel=\"noreferrer noopener\">Aftermath Music<\/a> &#8211; metal, punk, prog, etc., nytt.<\/li>\r\n<li><strong><a href=\"https:\/\/apollon.no\/\" target=\"_blank\" rel=\"noopener\">Apollon<\/a><\/strong> &#8211; en av landets eldste plateforretninger.<\/li>\r\n<li><strong><a href=\"http:\/\/bigdipper.no\/\" target=\"_blank\" rel=\"noreferrer noopener\">Big Dipper<\/a><\/strong> &#8211; en av Norges mest kjente nettbutikker for ny vinyl.<\/li>\r\n<li><a href=\"http:\/\/cdon.no\/\" target=\"_blank\" rel=\"noreferrer noopener\">CDON<\/a> &#8211; Stor nordisk kjede, bra utvalg av vinyl, men v\u00e6r obs p\u00e5 at de lister en del utgivelser de ikke kan skaffe, og det kan ta lang tid f\u00f8r du f\u00e5r endelig beskjed om dette etter at du har lagt inn bestilling.<\/li>\r\n<li><a href=\"https:\/\/imusic.no\/\">iMusic<\/a> &#8211; Stor dansk nettbutikk, med no-domene, og priser som inkluderer mva.<\/li>\r\n<li><a href=\"https:\/\/www.knirckeshop.no\/\" target=\"_blank\" rel=\"noreferrer noopener\">Knirckeshop<\/a> &#8211; Knirckefritt artist-management\/produksjon med nettbutikk og vinylsalg.<\/li>\r\n<li><a href=\"https:\/\/musikkp\u00e5vinyl.no\/\" target=\"_blank\" rel=\"noreferrer noopener\"><strong>Musikkp\u00e5vinyl.no<\/strong><\/a> &#8211; ny butikk som raskt har blitt en favoritt hos mange.<\/li>\r\n<li><a href=\"http:\/\/musikkp\u00e5nett.no\/\" target=\"_blank\" rel=\"noreferrer noopener\">Musikk p\u00e5 nett<\/a> &#8211; &laquo;nettbutikk for og av musikkelskere&raquo;, f\u00f8rer b\u00e5de ny og brukt vinyl.<\/li>\r\n<li><a href=\"http:\/\/obriens.no\/\" target=\"_blank\" rel=\"noreferrer noopener\">O&#8217;Briens Retro &amp; Vintage<\/a> &#8211; brukt.<\/li>\r\n<li><strong><a href=\"http:\/\/panoramarecords.mamutweb.com\/\" target=\"_blank\" rel=\"noreferrer noopener\">Panorama Records<\/a><\/strong> &#8211; fin label, men ogs\u00e5 bra butikk, sender ut trykte lister jevnlig til sine kunder.<\/li>\r\n<li><a href=\"http:\/\/www.retrovinyl.no\/\" target=\"_blank\" rel=\"noreferrer noopener\">Retro Vinyl<\/a> &#8211; nytt og brukt.<\/li>\r\n<li><a href=\"http:\/\/www.sarpsborgmynthandel.no\/\" target=\"_blank\" rel=\"noreferrer noopener\">Sarpsborg Mynthandel<\/a> &#8211; mye brukt, fastpris og auksjoner.<\/li>\r\n<li><a href=\"http:\/\/www.shadowland.no\/\" target=\"_blank\" rel=\"noreferrer noopener\">Shadowland<\/a> &#8211; spesialiserer seg p\u00e5 &laquo;gothic, synthpop, ebm &amp; industrial genres&raquo;, stort utvalg.<\/li>\r\n<li><a href=\"http:\/\/sjokkrock.no\/\" target=\"_blank\" rel=\"noreferrer noopener\">Sjokk Rock<\/a> &#8211; ny butikk i Halden, vinyl, cd og merch.<\/li>\r\n<li><a href=\"http:\/\/www.platekompaniet.no\/\" target=\"_blank\" rel=\"noreferrer noopener\">Platekompaniet<\/a> &#8211; Stor norsk kjede, bra utvalg p\u00e5 vinyl, men v\u00e6r obs p\u00e5 at de i likhet med CDON lister en del titler de ikke kan skaffe.<\/li>\r\n<li><strong><a href=\"http:\/\/www.tigernet.no\/\" target=\"_blank\" rel=\"noreferrer noopener\">Tiger<\/a><\/strong> &#8211; super indie-butikk med fokus p\u00e5 punk, metal og &laquo;pling-plong&raquo;.<\/li>\r\n<li><a href=\"https:\/\/vinyl1.no\/\" target=\"_blank\" rel=\"noreferrer noopener\">Vinyl1.no<\/a> &#8211; nytt nettsted for kj\u00f8p og salg av vinyl.<\/li>\r\n<li><a href=\"https:\/\/www.vinyl4you.no\/\" target=\"_blank\" rel=\"noreferrer noopener\">Vinyl4you<\/a> &#8211; ny og brukt vinyl, drevet av HardNheavy Records.<\/li>\r\n<li><a href=\"https:\/\/vinylia.no\/\" target=\"_blank\" rel=\"noreferrer noopener\">Vinylia<\/a> &#8211; ny og brukt vinyl.<\/li>\r\n<li><a href=\"https:\/\/unbornprod.limitedrun.com\/\" target=\"_blank\" rel=\"noreferrer noopener\">Unborn Productions<\/a> &#8211; metal, ambient, etc.<\/li>\r\n<\/ul>\r\n\r\n\r\n\r\n<h3 class=\"wp-block-heading\" id=\"norskevinylbutikker\">Norske vinylbutikker (B: Brukt vinyl \/ N: Ny vinyl)<\/h3>\r\n\r\n\r\n\r\n<ul class=\"wp-block-list\">\r\n<li>Arendal: <strong>No9 kaffe &amp; platebar<\/strong>, Teaterplassen 3 (95 77 69 01) <strong>N\/B<\/strong><\/li>\r\n<li>Alta:<strong> Puskas Musikk &amp; Platebar<\/strong>, L\u00f8kkeveien 47 (78 43 75 00)<strong> N\/B<\/strong><\/li>\r\n<li>Bergen: <strong>Apollon<\/strong>, Nyg\u00e5rdsgaten 2A. (55 31 59 43) <strong>N<\/strong><\/li>\r\n<li>Bergen: <strong>Rocade Musikk &amp; Records<\/strong>, Marken 2. (55 31 79 79) <strong>N\/B<\/strong><\/li>\r\n<li>Bergen: <strong>Samleren<\/strong>, Sverres gate 5. (55 96 25 40) <strong>B<\/strong><\/li>\r\n<li>Drammen: <strong>Drammen Hvitevarer<\/strong>, Tordenskioldsgate 89. (93 03 83 35) <strong>N\/B<\/strong><\/li>\r\n<li>Gj\u00f8vik: <strong>Frank&#8217;s Platesjappe<\/strong>, Camilla Colletts veg 5. (913 184 15) <strong>B<\/strong><\/li>\r\n<li>Halden: <strong>Sjokk Rock<\/strong>, Blokkhusgt 5 &#8211; <strong>N<\/strong><\/li>\r\n<li>Hamar: <strong>Maxi\/Musikkverket<\/strong>, Aslak Boltsgate 48 (62 53 23 50) <strong>N\/B<\/strong><\/li>\r\n<li>Hamar:<strong> Vinyl &amp; Kaffe, <\/strong>Torggaten 32A (99 26 74 90)<strong> N\/B<\/strong><\/li>\r\n<li>Haugesund: <strong>Shabby Records<\/strong>, Strandgaten 119. (52 72 89 09) <strong>N\/B<\/strong><\/li>\r\n<li>Hokksund: <strong>Platevogna<\/strong>, Christian IV&#8217;s 82. (93 65 56 80) <strong>B<\/strong><\/li>\r\n<li>Jessheim<strong>: Platesjappa<\/strong>, Furusethgata 5. (97 10 05 55)<strong> N\/B<\/strong><\/li>\r\n<li>Sannidal (Krager\u00f8): <strong>Platesjappa 3766<\/strong>, Sannidalsveien 155. (92 83 55 12) <strong>B<\/strong><\/li>\r\n<li>Kristiansand:<strong> Grim Vinyl<\/strong>, Olaf Isaachsens gate 2. (48 59 65 52)<strong> B<\/strong><\/li>\r\n<li>Lillestr\u00f8m: <strong>Platesjappa<\/strong>, Solheimsgata 4. (98 10 05 55) <strong>N\/B<\/strong><\/li>\r\n<li>Molde: <strong>Fuzzy Platebar<\/strong>, Storgata 13. (90 94 82 27) <strong>N\/B<\/strong><\/li>\r\n<li>Oslo: <strong>Big Dipper<\/strong>, M\u00f8llergata 1. (22 20 14 41) <strong>N<\/strong><\/li>\r\n<li>Oslo: <strong>Filter<\/strong>, Skippergata 33 (22 82 85 80) <strong>N\/B<\/strong><\/li>\r\n<li>Oslo: <strong>Katakomben<\/strong>, Youngstorget 6. <strong>N<\/strong> (<em>metal<\/em>)<\/li>\r\n<li>Oslo: <strong>Lucky Eddie<\/strong>, Trondheimsveien 63. (22 19 40 10) <strong>B<\/strong><\/li>\r\n<li>Oslo: <strong>Majorstuen Antikvariat<\/strong>, Vibes gate. <strong>B<\/strong><\/li>\r\n<li>Oslo: <strong>Neseblod Records<\/strong>, Schweigaards gate 56. (98 13 52 78) <strong>N\/B<\/strong> (<em>metal, ++<\/em>)<\/li>\r\n<li>Oslo: <strong>Platekompaniet<\/strong>, Oslo City, Stenersgate 1. (23 16 35 00) <strong>N<\/strong><\/li>\r\n<li>Oslo: <strong>Platelageret<\/strong>, Brugata 14. <strong>B<\/strong><\/li>\r\n<li>Oslo: <strong>R\u00e5kk og R\u00e5lls Brukthandel<\/strong>, Stortingsgata 8. (22 41 17 01) <strong>B<\/strong><\/li>\r\n<li>Oslo: <strong>Stein og Jord Platebar<\/strong>, M\u00f8llergata 37. <strong>N<\/strong><\/li>\r\n<li>Oslo: <strong>The Garden<\/strong>, Skippergata 33. (40 72 39 37) <strong>N\/B<\/strong><\/li>\r\n<li>Oslo: <strong>Tiger<\/strong>, Hammersborggata 18. (22 20 73 50) <strong>N<\/strong><\/li>\r\n<li>Oslo: <strong>Victor<\/strong>, Vidars gate. (90 15 90 65) <strong>B<\/strong> (78-plater++, \u00e5pent etter avtale)<\/li>\r\n<li>Oslo: <strong>Vinylsalongen<\/strong>, Huitfeldsgate 7. (45 26 92 98) <strong>B<\/strong> (\u00c3\u2026pent etter avtale)<\/li>\r\n<li>Rudabu (v\/Hamar): <strong>Hi-Fi-Guiden<\/strong>, Hjellumveien 81 (62 52 97 06) <strong>B<\/strong><\/li>\r\n<li>Sarpsborg:<strong> Retro Vinyl<\/strong>,\u00a0Stasjonsveien 84, 1746 Skjeberg (96 90 93 98) N\/B<\/li>\r\n<li>Sarpsborg: <strong>Sarpsborg Mynthandel<\/strong>, Torget 3 (69 15 67 55) <strong>B<\/strong><\/li>\r\n<li>Slattum:<strong> Comix Antikvariat<\/strong>, Kjulsliveien 1 (41 64 89 38)<strong> B<\/strong><\/li>\r\n<li>Stavanger: <strong>Vinylpalass<\/strong>, Kongsgt. 26. (99 01 44 04) <strong>B<\/strong><\/li>\r\n<li>Stavern:<strong> Vinyl4you<\/strong>, Holmejordetveien 21B. (99 28 86 87)<strong> N\/B<\/strong><\/li>\r\n<li>Troms\u00f8: <strong>Backbeat<\/strong>, Vestregata 3. <strong>N<\/strong><\/li>\r\n<li>Trondheim: <strong>Aftermath Music<\/strong>, St. Olavs gate 3. (98 45 05 72) <strong>N<\/strong><\/li>\r\n<li>Trondheim:<strong> All Good Clean Records kaffebar og vinylspinneri<\/strong>, Innherredsveien 24. (41 07 73 79) <strong>N\/B<\/strong><\/li>\r\n<li>Trondheim: <strong>Crispin Glover Record Shop<\/strong>, Kj\u00f8pmannsgata 44.\u00a0<strong>N\/B<\/strong><\/li>\r\n<li>Trondheim:<strong> Todal Musikk &amp; Hermetikk<\/strong>, Strandveien 37. (90 79 90 03)<strong> B<\/strong><\/li>\r\n<li>Trondheim: <strong>Wangsmo Antikvariat<\/strong>, V\u00e5r Frue Strete 1. (73 52 44 55) <strong>B<\/strong><\/li>\r\n<li>T\u00f8nsberg: <strong>Apollon Platebar<\/strong>, <span class=\"LrzXr\">R\u00e5dhusgaten 4, 3126 T\u00f8nsberg<\/span>. (45 02 20 00) <strong>N\/B<\/strong><\/li>\r\n<li>Volda: <strong>Bokmannen<\/strong>, Storgata 2. (41 55 37 05) <strong>B<\/strong><\/li>\r\n<li>\u00c5mot: <strong>God Gammel Audan<\/strong>, Strandgata 12 (47 04 54 00) <strong>B<\/strong><\/li>\r\n<li>\u00c5lesund: <strong>Jukebox Platebar<\/strong>, Kipervikgata 1B. (70 12 68 85) <strong>N\/B<\/strong><\/li>\r\n<li>\u00c5lesund: <strong>Serieantikvariatet<\/strong>, Skaregata 2. (98 23 42 20) <strong>B<\/strong><\/li>\r\n<\/ul>\r\n\r\n\r\n\r\n<h3 class=\"wp-block-heading\" id=\"norskepafacebook\">Norske vinylbutikker p\u00e5 Facebook<\/h3>\r\n\r\n\r\n\r\n<ul class=\"wp-block-list\">\r\n<li><a href=\"http:\/\/aftermath-music.com\/\" target=\"_blank\" rel=\"noreferrer noopener\">Aftermath Music<\/a> (Trondheim)<\/li>\r\n<li><a href=\"https:\/\/www.facebook.com\/allgoodcleanrecords\" target=\"_blank\" rel=\"noreferrer noopener\">All Good Clean Records<\/a> (Trondheim)<\/li>\r\n<li><a href=\"http:\/\/www.facebook.com\/pages\/Apollon-Bergen\/125016067555975\" target=\"_blank\" rel=\"noreferrer noopener\">Apollon Bergen<\/a> (Bergen)<\/li>\r\n<li><a href=\"https:\/\/www.facebook.com\/Apollon-T%C3%B8nsberg-103993088354193\/\" target=\"_blank\" rel=\"noopener\">Apollon Platebar<\/a> (T\u00f8nsberg)<\/li>\r\n<li><a href=\"http:\/\/nb-no.facebook.com\/pages\/Backbeat\/274778335892941\" target=\"_blank\" rel=\"noreferrer noopener\">Backbeat<\/a> (Troms\u00f8)<\/li>\r\n<li><a href=\"http:\/\/www.facebook.com\/pages\/Platebutikken-Big-Dipper\/428305525645\" target=\"_blank\" rel=\"noreferrer noopener\">Big Dipper<\/a> (Oslo)<\/li>\r\n<li><a href=\"https:\/\/www.facebook.com\/comixantikvariat\/\" target=\"_blank\" rel=\"noreferrer noopener\">Comix Antikvariat<\/a> (Slattum)<\/li>\r\n<li><a href=\"https:\/\/www.facebook.com\/crispingloverrecordshop\/\" target=\"_blank\" rel=\"noreferrer noopener\">Crispin Glover Record Shop<\/a> (Trondheim)<\/li>\r\n<li><a href=\"https:\/\/www.facebook.com\/God-Gammel-Audan-1111929272190351\/\" target=\"_blank\" rel=\"noreferrer noopener\">God Gammel Audan<\/a> (\u00c5mot)<\/li>\r\n<li><a href=\"https:\/\/www.facebook.com\/grimvinyl\/\" target=\"_blank\" rel=\"noreferrer noopener\">Grim Vinyl<\/a> (Kristiansand)<\/li>\r\n<li><a href=\"https:\/\/www.facebook.com\/pages\/Jukebox\/146241452093714\" target=\"_blank\" rel=\"noreferrer noopener\">Jukebox<\/a> (\u00c5lesund)<\/li>\r\n<li><a href=\"https:\/\/www.facebook.com\/katakombenoslo\" target=\"_blank\" rel=\"noreferrer noopener\">Katakomben<\/a> (Oslo)<\/li>\r\n<li><a href=\"https:\/\/www.facebook.com\/musikkverkethamar\" target=\"_blank\" rel=\"noreferrer noopener\">Musikkverket<\/a> (Hamar)<\/li>\r\n<li><a href=\"https:\/\/www.facebook.com\/pages\/No9-kaffe-platebar\/113680512174698\" target=\"_blank\" rel=\"noreferrer noopener\">No9 kaffe &amp; platebar<\/a> (Arendal)<\/li>\r\n<li><a href=\"https:\/\/www.facebook.com\/platesjappa\" target=\"_blank\" rel=\"noreferrer noopener\">Platesjappa<\/a> (Lillestr\u00f8m \/ Jessheim)<\/li>\r\n<li><a href=\"https:\/\/www.facebook.com\/groups\/155075591990\" target=\"_blank\" rel=\"noreferrer noopener\">Platevogna<\/a> (Hokksund)<\/li>\r\n<li><a href=\"https:\/\/www.facebook.com\/puskasmusikk\/\" target=\"_blank\" rel=\"noreferrer noopener\">Puskas Musikk &amp; Platebar<\/a> (Alta)<\/li>\r\n<li><a href=\"https:\/\/www.facebook.com\/pages\/Retro-Vinyl\/658129421279633\" target=\"_blank\" rel=\"noreferrer noopener\">Retro Vinyl<\/a> (Sarpsborg)<\/li>\r\n<li><a href=\"https:\/\/www.facebook.com\/bolaen51\" target=\"_blank\" rel=\"noreferrer noopener\">Rocade Musikk &amp; Records<\/a> (Bergen)<\/li>\r\n<li><a href=\"https:\/\/www.facebook.com\/pages\/Rockline\/111317552239902\" target=\"_blank\" rel=\"noreferrer noopener\">Rockline<\/a> (Kristiansand)<\/li>\r\n<li><a href=\"https:\/\/www.facebook.com\/pages\/R%C3%A5kk-R%C3%A5lls\/2197607917186882\" target=\"_blank\" rel=\"noreferrer noopener\">R\u00e5kk og R\u00e5lls Brukthadel<\/a> (Oslo)<\/li>\r\n<li><a href=\"https:\/\/www.facebook.com\/pages\/Shabby-Records\/183878268304760\" target=\"_blank\" rel=\"noreferrer noopener\">Shabby Records<\/a> (Haugesund)<\/li>\r\n<li><a href=\"https:\/\/www.facebook.com\/SJOKK-ROCK-782178745492978\/\" target=\"_blank\" rel=\"noreferrer noopener\">Sjokk Rock<\/a> (Halden)<\/li>\r\n<li><a href=\"https:\/\/www.facebook.com\/TodalMusikkogHermetikk\/\" target=\"_blank\" rel=\"noreferrer noopener\">Todal Musikk &amp; Hermetikk<\/a> (Trondheim)<\/li>\r\n<li><a href=\"https:\/\/www.facebook.com\/Vinyl4you.no\/\" target=\"_blank\" rel=\"noreferrer noopener\">Vinyl4you<\/a> (Stavern)<\/li>\r\n<li><a href=\"https:\/\/www.facebook.com\/Vinylogkaffe\/\" target=\"_blank\" rel=\"noreferrer noopener\">Vinyl &amp; Kaffe<\/a> (Hamar)<\/li>\r\n<li><a href=\"https:\/\/www.facebook.com\/profile.php?id=61557955201432\">Vinylia<\/a> (Erdal)<\/li>\r\n<li><a href=\"https:\/\/www.facebook.com\/vinylpalass\" target=\"_blank\" rel=\"noreferrer noopener\">Vinylpalass<\/a> (Stavanger)<\/li>\r\n<\/ul>\r\n\r\n\r\n\r\n<h3 class=\"wp-block-heading\" id=\"handleutlandet\">Handle vinyl fra utlandet<\/h3>\r\n\r\n\r\n\r\n<p>Prisene p\u00e5 vinyl i utlandet kan v\u00e6re gunstige i forhold til i Norge, selv med porto og norsk merverdiavgift (mva.) medregnet. Mva.-grensa p\u00e5 350 kroner er n\u00e5 avviklet, og i dag m\u00e5 du regne med \u00e5 betale <a href=\"http:\/\/toll.no\/no\/handle-pa-internett\/350-kronersgrensen\/\" target=\"_blank\" rel=\"noreferrer noopener\">mva.<\/a> p\u00e5 kj\u00f8p fra utlandet, enten n\u00e5r du betaler varen, eller n\u00e5r pakken ankommer Norge. I det siste tilfellet kommer det ogs\u00e5 behandlingsgebyr fra <a href=\"https:\/\/www.posten.no\/fortolling\/motta-fra-utlandet\" target=\"_blank\" rel=\"noreferrer noopener\">Posten<\/a> eller andre transport\u00f8rer i tillegg.<\/p>\r\n\r\n\r\n\r\n<h3 class=\"wp-block-heading\" id=\"utenlandskenett\">Utenlandske vinylbutikker p\u00e5 nett<\/h3>\r\n\r\n\r\n\r\n<p>Det finnes mange gode utenlandske vinylforhandlere, b\u00e5de store og sm\u00e5, og man kan ogs\u00e5 ofte handle vinyl direkte fra artister eller labler, og da kanskje gjerne f\u00e5 tak i mer limiterte utgaver. Her er et lite utvalg av\u00a0 nettbutikker jeg har gode erfaringer med:<\/p>\r\n\r\n\r\n\r\n<ul class=\"wp-block-list\">\r\n<li><a href=\"http:\/\/beta.forcedexposure.com\/\" target=\"_blank\" rel=\"noreferrer noopener\">Forced Exposure<\/a> &#8211; Super postordrebutikk med lang historie og stort utvalg av indie og mye mer. Dyrere porto enn hos Amazon, kan l\u00f8nne seg \u00e5 handle i st\u00f8rre omganger.<\/li>\r\n<li><a href=\"http:\/\/www.greatesthitsmailorder.com\/\" target=\"_blank\" rel=\"noreferrer noopener\">Greatest Hits<\/a> (Tyskland) &#8211; Supert utvalg p\u00e5 folk, psych, kraut, space, 60s, 70s, ++.<\/li>\r\n<li><a href=\"https:\/\/imusic.no\/\">iMusic<\/a>: Dansk nettbutikk &laquo;forkledd&raquo; som norsk butikk, stort utvalg og ofte gode priser.<\/li>\r\n<li><a href=\"http:\/\/www.acousticsounds.com\" target=\"_blank\" rel=\"noreferrer noopener\">Acoustic Sounds<\/a> og <a href=\"http:\/\/www.elusivedisc.com\/\" target=\"_blank\" rel=\"noreferrer noopener\">Elusive Disc<\/a> (USA) &#8211; Bra utvalg med fokus p\u00e5 audiofile utgivelser, men ikke utelukkende. Litt dyr porto for mindre forsendelser, men de pakker sv\u00e6rt solid. Selger ogs\u00e5 inneromslag, plastomslag, m.m. til hyggelige priser.<\/li>\r\n<\/ul>\r\n\r\n\r\n\r\n<h3 class=\"wp-block-heading\" id=\"amazon\">Amazon<\/h3>\r\n\r\n\r\n\r\n<p>Amazon har ofte ganske konkurransedyktige priser p\u00e5 vinyl og har generelt god kundeservice, for eksempel i forhold til retur\/erstatning for transportskade p\u00e5 eksemplarer. Portopriser til Norge er h\u00f8ye fra USA og Canada, litt rimeligere innen Europa. Man kan oppleve at innpakkingen burde v\u00e6rt mer solid, men de har generelt sett blitt flinkere til \u00e5 pakke vinyl, og f\u00e5r du en LP med hj\u00f8rnebretter er det bare \u00e5 klage. Legger du inn forh\u00e5ndsbestilling gir de ofte en prisgaranti som s\u00f8rger for at du f\u00e5r den laveste prisen de opererer med fram til utgivelsesdato, her kan man gj\u00f8re noen gode kj\u00f8p. Unders\u00f8k ogs\u00e5 prisene hos Amazon i ulike land (<a href=\"http:\/\/www.amazon.com\/\" target=\"_blank\" rel=\"noreferrer noopener\">USA<\/a>, <a href=\"http:\/\/www.amazon.co.uk\/\" target=\"_blank\" rel=\"noreferrer noopener\">UK<\/a>, <a href=\"http:\/\/www.amazon.de\/\" target=\"_blank\" rel=\"noreferrer noopener\">Tyskland<\/a>, <a href=\"https:\/\/www.amazon.es\/\" target=\"_blank\" rel=\"noreferrer noopener\">Spania<\/a>, <a href=\"https:\/\/www.amazon.it\/\" target=\"_blank\" rel=\"noreferrer noopener\">Italia<\/a>, <a href=\"https:\/\/www.amazon.fr\/\" target=\"_blank\" rel=\"noreferrer noopener\">Frankrike<\/a> og <a href=\"http:\/\/www.amazon.ca\/\" target=\"_blank\" rel=\"noreferrer noopener\">Canada<\/a>), siden prisene kan varierer mye fra land til land. Du betaler ofte mva. p\u00e5 forh\u00e5nd n\u00e5r du bestiller fra Amazon.<\/p>\r\n\r\n\r\n\r\n<h3 class=\"wp-block-heading\" id=\"discogs\">Discogs<\/h3>\r\n\r\n\r\n\r\n<p><a href=\"https:\/\/www.discogs.com\/\" target=\"_blank\" rel=\"noreferrer noopener\">Discogs<\/a> har g\u00e5tt fra \u00e5 v\u00e6re den aller beste databasen over diskografisk informasjon (hvor du ogs\u00e5 enkelt kan registrere din egen samling) til ogs\u00e5 \u00e5 v\u00e6re en av de mest popul\u00e6re salgskanalene for CD og vinyl. Her finner du b\u00e5de profesjonelle akt\u00f8rer og private selgere samlet p\u00e5 ett sted, og sjansen er stor for at du finner det du er ute etter. Prisene varierer, og noen selgere fors\u00f8ker seg med sv\u00e6rt stive priser, men Discogs tilbyr ogs\u00e5 statistikk over hva utgivelser har blitt solgt for der tidligere, som det kan l\u00f8nne seg \u00e5 kaste et blikk p\u00e5 f\u00f8r man handler. Selgere graderer ulikt, og ogs\u00e5 her b\u00f8r man se litt p\u00e5 tilbakemeldingene til selger f\u00f8r man bestiller. PayPal er den foretrukne betalingsmetoden, og man betaler som oftest mva. n\u00e5r man bestiller, men ikke alltid, kommer litt an p\u00e5 hvilket land selger befinner seg i.<\/p>\r\n\r\n\r\n\r\n<h3 class=\"wp-block-heading\" id=\"salgsportaler\">Salgsportaler<\/h3>\r\n\r\n\r\n\r\n<p>Det finnes ogs\u00e5 andre salgsportaler som samler mange forhandlere fra hele verden, selv om Discogs nok har skubbet disse litt over i skyggeland. Her er utvalget stort, men husk \u00e5 sjekke b\u00e5de tilbakemeldingene\/karakterer til selger, og ikke minst portoprisene, f\u00f8r du legger inn bestilling:<\/p>\r\n\r\n\r\n\r\n<ul class=\"wp-block-list\">\r\n<li><a href=\"http:\/\/fuzzlogic.musicstack.com\/\" target=\"_blank\" rel=\"noreferrer noopener\">MusicStack<\/a> &#8211; Over 25 millioner plater i katalogen.<\/li>\r\n<li><a href=\"http:\/\/www.cdandlp.com\/index.cfm?lng=2&amp;affilie=cdknut\" target=\"_blank\" rel=\"noreferrer noopener\">CDandLP<\/a> &#8211; Over 1 million plater fra 130+ selgere.<\/li>\r\n<\/ul>\r\n\r\n\r\n\r\n<h3 class=\"wp-block-heading\" id=\"nettauksjoner\">Nettauksjoner<\/h3>\r\n\r\n\r\n\r\n<p>Til slutt m\u00e5 selvf\u00f8lgelig auksjonsnettstedene som eBay og svenske <a href=\"http:\/\/www.tradera.com\/\" target=\"_blank\" rel=\"noreferrer noopener\">Tradera<\/a> nevnes. Om du velger <a href=\"http:\/\/www.ebay.com\/sch\/i.html?_nkw=&amp;_sacat=306&amp;_dmpt=Music_on_Vinyl&amp;_odkw=&amp;_osacat=306&amp;LH_PrefLoc=1\" target=\"_blank\" rel=\"noreferrer noopener\">eBay.com<\/a> (USA) eller <a href=\"http:\/\/www.ebay.co.uk\/sch\/i.html?_nkw=&amp;_sacat=306&amp;_dmpt=UK_Records&amp;_odkw=test&amp;_osacat=306&amp;_trksid=p3286.c0.m270.l1313\" target=\"_blank\" rel=\"noreferrer noopener\">eBay.co.uk<\/a> (UK) spiller mindre rolle, men husk \u00e5 hake av for &laquo;Item Location &#8211; Worldwide&raquo; nede til venstre p\u00e5 siden, s\u00e5 f\u00e5r du opp auksjoner fra selgere over hele verden. Som for salgsportalene: Husk \u00e5 sjekke b\u00e5de tilbakemeldingene\/karakterer til selger, og portoprisene som er oppgitt. I likhet med Discogs s\u00e5 er PayPal nesten en n\u00f8dvendighet n\u00e5r man handler p\u00e5 eBay.<\/p>\r\n\r\n\r\n\r\n<p><a href=\"http:\/\/www.qxl.no\/\" target=\"_blank\" rel=\"noreferrer noopener\">QXL<\/a> har v\u00e6rt en popul\u00e6r salgskanal for vinyl i \u00e5revis. Sommeren 2015 introduserte de et nytt grensesnitt som f\u00f8rte til en storm av misforn\u00f8yde tilbakemeldinger. S\u00e5 stor var misn\u00f8yen at QXL gikk tilbake til det gamle grensesnittet i l\u00f8pet av h\u00f8sten, men da hadde skaden allerede skjedd, og mange vinylsamlere hadde forlatt QXL. I dag er omsetningen av vinyl p\u00e5 QXL fremdeles redusert, og mange har flyttet kj\u00f8p\/salg aktiviteten til Facebook-grupper.<\/p>\r\n\r\n\r\n\r\n<h3 class=\"wp-block-heading\" id=\"facebookgrupper\">Facebook-grupper<\/h3>\r\n\r\n\r\n\r\n<p>Facebook har ogs\u00e5 blitt en popul\u00e6r kanal for kj\u00f8p og salg av vinyl, med egne grupper som\u00a0<a href=\"https:\/\/www.facebook.com\/groups\/170592809663749\/\" target=\"_blank\" rel=\"noreferrer noopener\">Vinyl: salg, kj\u00f8p og bytte<\/a> (12.200+ medlemmer), <a href=\"https:\/\/www.facebook.com\/groups\/LPsalg\/\" target=\"_blank\" rel=\"noreferrer noopener\">Kj\u00f8p og salg av Vinyl, CD, Kassetter, LP, Singler, Musikk DVD og VHS<\/a> (8.700+ medlemmer) og <a href=\"https:\/\/www.facebook.com\/groups\/232102296799949\/\" target=\"_blank\" rel=\"noreferrer noopener\">Kj\u00f8p og salg av CD\/LP\/vinyl og kassetter<\/a> (8.000+ medlemmer). Annonsering her er gratis, men man er i st\u00f8rre grad overlatt til seg selv i forhold til tvister som kan oppst\u00e5 relatert til salg\/kj\u00f8p.<\/p>\r\n\r\n\r\n\r\n<h3 class=\"wp-block-heading\" id=\"paypal\">PayPal<\/h3>\r\n\r\n\r\n\r\n<p>Som nevnt s\u00e5 er <a href=\"https:\/\/www.paypal.com\/\" target=\"_blank\" rel=\"noreferrer noopener\">PayPal<\/a> ofte den foretrukne betalingsmetoden n\u00e5r man handler f.eks. p\u00e5 eBay eller Discogs. PayPal gir god trygghet til b\u00e5de selger og kj\u00f8per, og skulle det oppst\u00e5 en uenighet som ikke lar seg l\u00f8se, kan man klage transaksjonen inn til PayPal, og de vil da ta seg av den videre meglingen mellom partene. Et tips for \u00e5 unng\u00e5 \u00e5 havne i kinkige situasjoner er alltid \u00e5 lese selger sine betingelser n\u00f8ye, spesielt n\u00e5r det gjelder porto og forsendelse. Enkelte selgere fraskriver seg for eksempel ansvar for pakker som ikke kommer fram hvis man velger uregistrert forsendelse, og da stiller man svakere som kj\u00f8per hvis uhellet skulle v\u00e6re ute. Men som regel g\u00e5r det bra, det vanligste man kommer ut for er at LP-omslag kommer fram med hj\u00f8rnebretter og at graderingen p\u00e5 selve vinylplaten har v\u00e6rt litt i overkant. Begge deler er selvf\u00f8lgelig irriterende, men man kan godt kontakte selger og be om en prisreduksjon om man synes det er p\u00e5 sin plass. De fleste selgere (og kj\u00f8pere) strekker seg et stykke for \u00e5 unng\u00e5 \u00e5 f\u00e5 negativ tilbakemelding.<\/p>\r\n\r\n\r\n\r\n<h3 class=\"wp-block-heading\" id=\"platebutikkerkart\">Platebutikker i Google Maps<\/h3>\r\n\r\n\r\n\r\n<p>Discogs sin tjeneste <a href=\"https:\/\/vinylhub.discogs.com\/\" target=\"_blank\" rel=\"noreferrer noopener\">Vinylhub<\/a> er tilgjengelig b\u00e5de som en nett-tjeneste og via Discogs sin Android app. I likhet med <a href=\"https:\/\/www.recordstores.love\/\" target=\"_blank\" rel=\"noreferrer noopener\">recordstores.love<\/a> s\u00e5 er platebutikker her mappet inn i Google Maps. Begge deler ser ut til \u00e5 v\u00e6re flotte hjelpemidler hvis man befinner seg i en by man ikke er lommekjent i.<\/p>\r\n","protected":false},"excerpt":{"rendered":"<p>Her har jeg samlet lenker til steder man kan handle vinyl, b\u00e5de p\u00e5 nett og fysiske butikker, samt listet en del nyttig relatert info. Send meg gjerne en melding om du kjenner til norske butikker som ikke er inkludert her, eller om informasjon her er utdatert. Norske vinylbutikker p\u00e5 nett Norske vinylbutikker Norske vinylbutikker p\u00e5 [&hellip;]<\/p>\n","protected":false},"author":1,"featured_media":0,"parent":0,"menu_order":0,"comment_status":"closed","ping_status":"closed","template":"","meta":{"footnotes":""},"class_list":["post-6381","page","type-page","status-publish","hentry"],"_links":{"self":[{"href":"http:\/\/vinylknut.com\/blog\/wp-json\/wp\/v2\/pages\/6381","targetHints":{"allow":["GET"]}}],"collection":[{"href":"http:\/\/vinylknut.com\/blog\/wp-json\/wp\/v2\/pages"}],"about":[{"href":"http:\/\/vinylknut.com\/blog\/wp-json\/wp\/v2\/types\/page"}],"author":[{"embeddable":true,"href":"http:\/\/vinylknut.com\/blog\/wp-json\/wp\/v2\/users\/1"}],"replies":[{"embeddable":true,"href":"http:\/\/vinylknut.com\/blog\/wp-json\/wp\/v2\/comments?post=6381"}],"version-history":[{"count":27,"href":"http:\/\/vinylknut.com\/blog\/wp-json\/wp\/v2\/pages\/6381\/revisions"}],"predecessor-version":[{"id":22701,"href":"http:\/\/vinylknut.com\/blog\/wp-json\/wp\/v2\/pages\/6381\/revisions\/22701"}],"wp:attachment":[{"href":"http:\/\/vinylknut.com\/blog\/wp-json\/wp\/v2\/media?parent=6381"}],"curies":[{"name":"wp","href":"https:\/\/api.w.org\/{rel}","templated":true}]}}